{"id":629,"date":"2023-03-01T12:38:19","date_gmt":"2023-03-01T12:38:19","guid":{"rendered":"https:\/\/cdacv.es\/?page_id=629"},"modified":"2023-03-01T12:38:58","modified_gmt":"2023-03-01T12:38:58","slug":"politica-de-privacidad","status":"publish","type":"page","link":"https:\/\/cdacv.es\/es\/politica-de-privacidad\/","title":{"rendered":"POL\u00cdTICA DE PRIVACIDAD"},"content":{"rendered":"[vc_row type=\u00bbin_container\u00bb full_screen_row_position=\u00bbmiddle\u00bb column_margin=\u00bbdefault\u00bb column_direction=\u00bbdefault\u00bb column_direction_tablet=\u00bbdefault\u00bb column_direction_phone=\u00bbdefault\u00bb scene_position=\u00bbcenter\u00bb text_color=\u00bbdark\u00bb text_align=\u00bbleft\u00bb row_border_radius=\u00bbnone\u00bb row_border_radius_applies=\u00bbbg\u00bb overflow=\u00bbvisible\u00bb overlay_strength=\u00bb0.3&#8243; gradient_direction=\u00bbleft_to_right\u00bb shape_divider_position=\u00bbbottom\u00bb bg_image_animation=\u00bbnone\u00bb][vc_column column_padding=\u00bbno-extra-padding\u00bb column_padding_tablet=\u00bbinherit\u00bb column_padding_phone=\u00bbinherit\u00bb column_padding_position=\u00bball\u00bb column_element_direction_desktop=\u00bbdefault\u00bb column_element_spacing=\u00bbdefault\u00bb desktop_text_alignment=\u00bbdefault\u00bb tablet_text_alignment=\u00bbdefault\u00bb phone_text_alignment=\u00bbdefault\u00bb background_color_opacity=\u00bb1&#8243; background_hover_color_opacity=\u00bb1&#8243; column_backdrop_filter=\u00bbnone\u00bb column_shadow=\u00bbnone\u00bb column_border_radius=\u00bbnone\u00bb column_link_target=\u00bb_self\u00bb column_position=\u00bbdefault\u00bb gradient_direction=\u00bbleft_to_right\u00bb overlay_strength=\u00bb0.3&#8243; width=\u00bb1\/1&#8243; tablet_width_inherit=\u00bbdefault\u00bb animation_type=\u00bbdefault\u00bb bg_image_animation=\u00bbnone\u00bb border_type=\u00bbsimple\u00bb column_border_width=\u00bbnone\u00bb column_border_style=\u00bbsolid\u00bb][vc_column_text]\n<h1><strong>POL\u00cdTICA DE PRIVACIDAD<\/strong><\/h1>\n<p>A efecto del que prev\u00e9 el Reglamento general de protecci\u00f3n de datos de la Uni\u00f3n Europea 2016\/679, de 27 de abril de 2016, y la Ley Org\u00e1nica 3\/2018, de 5 de diciembre, de protecci\u00f3n de datos de car\u00e1cter personal, el Consell del Audiovisual de la Comunidad Valenciana, con CIF Q1200471, en lo sucesivo, el Consell del Audiovisual de la Comunidad Valenciana, informa el usuario de la existencia del tratamiento de los datos de car\u00e1cter personal con el fin de velar por el respecto de los derechos, las libertades y los valores constitucionales y estatutarios en el \u00e1mbito de los medios audiovisuales de la Comunidad Valenciana y por el cumplimiento de la normativa vigente en materia audiovisual y publicitaria, en concordancia con los principios de actuaci\u00f3n y funci\u00f3n que le atribuyen el Estatuto de Autonom\u00eda y la Ley 10\/2018, de 18 de mayo, de la Generalitat, de creaci\u00f3n del Consell del Audiovisual de la Comunidad Valenciana (CACV) y noticias.<\/p>\n<p><strong>ENV\u00cdO Y REGISTRO DE DATOS DE CAR\u00c1CTER PERSONAL<\/strong><br \/>\nEl env\u00edo de datos de car\u00e1cter personal es obligatorio para contactar y recibir informaci\u00f3n sobre los servicios del Consejo del Audiovisual de la Comunidad Valenciana, para lo cual os ten\u00e9is que subscribir si quer\u00e9is que os mantengamos informado peri\u00f3dicamente de todos los servicios y las novedades.<br \/>\nNo facilitar los datos personales solicitados o no aceptar esta pol\u00edtica de protecci\u00f3n de datos supone la imposibilidad de subscribir-os, registraros o recibir informaci\u00f3n de los servicios del Consejo del Audiovisual de la Comunidad Valenciana.<br \/>\nDe acuerdo con el que establece el Reglamento general de protecci\u00f3n de datos de la Uni\u00f3n Europea 2016\/679, de 27 de abril de 2016, relativo a la protecci\u00f3n de las personas f\u00edsicas en cuanto al tratamiento de datos personales y a la libre circulaci\u00f3n de estos datos, y la Ley Org\u00e1nica 3\/2018, de 5 de diciembre, de protecci\u00f3n de datos de car\u00e1cter personal, os informamos que los datos personales que se obtengan como consecuencia de vuestro env\u00edo de datos personales ser\u00e1n objeto de tratamiento por el Consejo del Audiovisual de la Comunidad Valenciana, con domicilio en la calle Mayor, n.\u00ba 78, de Castell\u00f3 de la Plana, 12001 Castell\u00f3, con el implemento de las medidas de seguridad necesarias para garantizar la privacidad.<\/p>\n<p><strong>EXACTITUD Y VERACIDAD DE LOS DATOS FACILITADOS<\/strong><br \/>\nEl usuario que env\u00eda la informaci\u00f3n al Consejo del Audiovisual de la Comunidad Valenciana es el \u00fanico responsable de la veracidad y correcci\u00f3n de los datos incluidos, y el Consejo del Audiovisual de la Comunidad Valenciana se exonera de cualquier responsabilidad al respeto.<br \/>\nLos usuarios garantizan y responden, en cualquier caso, de la exactitud, vigencia y autenticidad de los datos personales facilitados, y se comprometen a mantenerlas debidamente actualizadas.<br \/>\nEl usuario acepta proporcionar informaci\u00f3n completa y correcta en el formulario de registro o suscripci\u00f3n.<br \/>\nEl Consejo del Audiovisual de la Comunidad Valenciana no responde de la veracidad de las informaciones que no sean de elaboraci\u00f3n propia y de las cuales se indique otra fuente, por lo cual tampoco asume ninguna responsabilidad en cuanto a hipot\u00e9ticos perjuicios que pudieran originarse por el uso de la dicha informaci\u00f3n.<br \/>\nEn todo caso, cuando se formulan solicitudes por cualquier medio en que la persona usuaria declaro datos personales que est\u00e1n en poder de las administraciones p\u00fablicas, el Consejo del Audiovisual de la Comunidad Valenciana podr\u00e1 efectuar, en el ejercicio de sus competencias, las comprobaciones necesarias para verificar la exactitud de los datos.<br \/>\nSe exonera el Consejo del Audiovisual de la Comunidad Valenciana de responsabilidad ante cualquier da\u00f1o o perjuicio que pueda sufrir el usuario como consecuencia de errores, defectos u omisiones, en la informaci\u00f3n facilitada por el Consejo del Audiovisual de la Comunidad Valenciana, siempre que proceda de fuentes ajenas al Consejo del Audiovisual de la Comunidad Valenciana.<\/p>\n<p><strong>FINALIDADES<\/strong><br \/>\nLas finalidades de la recogida de datos son asesorar en el \u00e1mbito de la prestaci\u00f3n de los servicios de radiodifusi\u00f3n sonora, televisi\u00f3n, plataformas de video bajo demanda y cualquier otro formato de comunicaci\u00f3n audiovisual destinado a la comunicaci\u00f3n de masas, independientemente de la forma de emisi\u00f3n o tecnolog\u00eda empleada, tanto si los servicios son gestionados directa o indirectamente por las administraciones p\u00fablicas de la Comunidad Valenciana, como los gestionados en virtud de cualquier t\u00edtulo habilitante otorgado por esta, as\u00ed como sobre aquellos otros que, por aplicaci\u00f3n de la normativa vigente, quedan sometidos al \u00e1mbito de gesti\u00f3n y tutela de la Generalitat y posterior puesta en contacto con la persona usuaria del Consell del Audiovisual de la Comunidad Valenciana.<\/p>\n<p><strong>COMUNICACI\u00d3N DE DATOS A TERCEROS<\/strong><br \/>\nEn cumplimiento de las obligaciones legales del Consejo del Audiovisual de la Comunidad Valenciana, as\u00ed como las misiones realizadas en inter\u00e9s p\u00fablico o en el ejercicio de poderes p\u00fablicos conferidos al Consejo, los datos de la persona usuaria podr\u00e1n ser comunicadas a terceros, como pueden ser los \u00f3rganos de administraciones p\u00fablicas que, en cada caso, correspondan (auton\u00f3mica, local, estatal y europea), Defensor del Pueblo, S\u00edndico de Agravios, jueces y tribunales, Ministerio Fiscal, Agencia Espa\u00f1ola de Protecci\u00f3n de Datos, Consejo de Transparencia y Buen Gobierno, Consejo de Transparencia, Acceso a la Informaci\u00f3n P\u00fablica y Buen Gobierno de la Comunidad Valenciana, y Fuerzas y Cuerpos de Seguridad del Estado.<br \/>\nAdem\u00e1s, el Consell puede comunicar los datos personales de la persona usuaria a sujetos de derecho privado cuando, si es el caso, se aprecie un inter\u00e9s leg\u00edtimo de acuerdo con el que establece la Ley 39\/2015, de 1 de octubre, de procedimiento administrativo com\u00fan de las administraciones p\u00fablicas, la Ley 19\/2013, de transparencia, acceso a la informaci\u00f3n p\u00fablica y buen gobierno, y la Ley 2\/2015, de 2 de abril, de la Generalitat, de transparencia, buen gobierno y participaci\u00f3n ciudadana de la Comunidad Valenciana.<br \/>\nEl Consejo del Audiovisual de la Comunidad Valenciana tambi\u00e9n podr\u00e1 comunicar los datos personales de la persona interesada a las plataformas de intermediaci\u00f3n de la Administraci\u00f3n p\u00fablica para la consulta y verificaci\u00f3n de datos, en cumplimiento del que establece el art\u00edculo 28.2 de la Ley 39\/2015, del procedimiento administrativo com\u00fan, que recoge como derecho de todo ciudadano el hecho que no tenga que aportar ning\u00fan dato o documento que est\u00e9 en poder de la Administraci\u00f3n p\u00fablica.<br \/>\nAs\u00ed mismo, terceras entidades p\u00fablicas y\/o privadas prestamistas de servicios para el Consejo del Audiovisual de la Comunidad Valenciana pueden tratar datos de la persona usuaria en calidad de encargado del tratamiento, atendiendo las instrucciones y por encargo del Consejo del Audiovisual de la Comunidad Valenciana, con obligaciones de seguridad y confidencialidad de los datos, y no podr\u00e1n tratar los datos para finalidades propias.<\/p>\n<p><strong>EJERCICIO DE DERECHOS<\/strong><br \/>\nAcceso, rectificaci\u00f3n, supresi\u00f3n y oposici\u00f3n, limitaci\u00f3n del tratamiento, portabilidad de datos (arte. 15, 16, 17, 18, 19, 20, 21, 22 y 23 RGPD, arte. 12, 13, 14, 15, 16, 17, 18, 93, 94 y 95 (LOPDGDD).<br \/>\nPodr\u00e9is dirigir vuestras comunicaciones, revocar el consentimiento prestado y ejercitar el derecho de acceso a vuestros datos personales y obtendr\u00e9is una copia. El derecho de rectificaci\u00f3n de datos inexactos o incompletas. El derecho de supresi\u00f3n de vuestros datos personales. El derecho de retirada de vuestros datos personales de vuestra p\u00e1gina web. El derecho de oposici\u00f3n al tratamiento de vuestros datos personales. El derecho de limitaci\u00f3n del tratamiento de vuestros datos personales. Y el derecho a la portabilidad de vuestros datos personales automatizados por medio de un correo dirigido al Consejo del Audiovisual de la Comunidad Valenciana, con domicilio en la calle Mayor, n.\u00ba 78, de Castell\u00f3 de la Plana, 12001 Castell\u00f3. Para ejercer estos derechos y en cumplimiento de la Instrucci\u00f3n 1\/1998, de 19 de enero, de la Agencia Espa\u00f1ola de Protecci\u00f3n de Datos, hace falta que acredit\u00e1is vuestra personalidad ante el Consejo del Audiovisual de la Comunidad Valenciana intermediando el env\u00edo de una fotocopia de documento nacional de identidad o cualquier otro medio v\u00e1lido en derecho.<br \/>\nLos interesados tienen derecho a reclamar ante la autoridad de control.<\/p>\n<p><strong>PLAZO DE CONSERVACI\u00d3N DE LOS DATOS<\/strong><br \/>\nLos datos personales de la persona usuaria ser\u00e1n tratadas de manera activa mientras tenga la condici\u00f3n de usuario de https:\/\/cdacv.es\/, es decir, mientras no revoco su consentimiento o no ejerza su derecho de cancelaci\u00f3n, supresi\u00f3n u oposici\u00f3n en alguna finalidad en concreto.<br \/>\nEn caso de revocar su consentimiento o ejercer los derechos de cancelaci\u00f3n o supresi\u00f3n, los datos ser\u00e1n bloqueados y conservadas de manera restringida a disposici\u00f3n de las autoridades competentes durante un plazo de 3 a\u00f1os para atender las posibles responsabilidades nacidas del tratamiento.<\/p>\n<p><strong>LEGITIMACI\u00d3N PARA EL TRATAMIENTO DE LOS DATOS<\/strong><br \/>\nEl registro en https:\/\/cdacv.es\/ es libre y voluntario para el usuario, por lo cual la base legitimadora del tratamiento de vuestros datos personales es vuestro consentimiento.<\/p>\n<p><strong>ACEPTACI\u00d3N Y CONSENTIMIENTO<\/strong><br \/>\nEl uso de la web os otorga la condici\u00f3n de usuario de esta (de ahora en adelante, el \u201cusuario\u201d), e implica la aceptaci\u00f3n llena y sin reservas de todas y cada una de las disposiciones incluidas en las condiciones sobre protecci\u00f3n de datos de car\u00e1cter personal, con lo cual se acepta y se consiente el tratamiento de estas por parte de https:\/\/cdacv.es\/ en la forma y para las finalidades indicadas en la presente pol\u00edtica de protecci\u00f3n de datos personales, en la versi\u00f3n publicada por la \u201cweb\u201d, en el mismo momento en que el usuario accede. Como consecuencia, es deber del usuario leer detenidamente este aviso legal cada vez que utiliza la web, puesto que esta puede experimentar modificaciones.<\/p>\n<p><strong>MEDIDAS DE SEGURIDAD INFORM\u00c1TICA<\/strong><br \/>\nEl Consejo del Audiovisual de la Comunidad Valenciana ha adoptado los niveles de seguridad de protecci\u00f3n de los datos personales requeridos para garantizar la privacidad de los datos. Aun as\u00ed, disponemos otros medios adicionales, como son cortafuegos de \u00faltima generaci\u00f3n, adem\u00e1s de medidas t\u00e9cnicas como software para la encriptaci\u00f3n de la informaci\u00f3n confidencial y control de acceso a la informaci\u00f3n de car\u00e1cter personal, usuarios restringidos, pol\u00edticas de seguridad, usuarios y contrase\u00f1as que caducan seg\u00fan exige \u200b\u200bla LOPD, y otros sistemas orientados a evitar el mal uso, la alteraci\u00f3n, el acceso no autorizado y el robo de los datos personales facilitados al Consejo del Audiovisual de la Comunidad Valenciana.<br \/>\nEl Consejo del Audiovisual de la Comunidad Valenciana no ser\u00e1 responsable de posibles da\u00f1os o perjuicios que puedan derivar de interferencias, omisiones, interrupciones, virus inform\u00e1ticos, aver\u00edas telef\u00f3nicas o desconexiones en el funcionamiento operativo de este sistema electr\u00f3nico, motivadas por causas ajenas al Consejo del Audiovisual de la Comunidad Valenciana; de retrasos o bloqueos en el uso del presente sistema electr\u00f3nico causados por deficiencias o sobrecargas de l\u00edneas telef\u00f3nicas o sobrecargas en el CPD (centro de procesos de datos), en el sistema de Internet o en otros sistemas electr\u00f3nicos, as\u00ed como de da\u00f1os que puedan ser causados por terceras personas mediante intromisiones ileg\u00edtimas fuera del control del Consejo del Audiovisual de la Comunidad Valenciana.[\/vc_column_text][\/vc_column][\/vc_row]\n","protected":false},"excerpt":{"rendered":"<p>[vc_row type=\u00bbin_container\u00bb full_screen_row_position=\u00bbmiddle\u00bb column_margin=\u00bbdefault\u00bb column_direction=\u00bbdefault\u00bb column_direction_tablet=\u00bbdefault\u00bb column_direction_phone=\u00bbdefault\u00bb scene_position=\u00bbcenter\u00bb text_color=\u00bbdark\u00bb text_align=\u00bbleft\u00bb row_border_radius=\u00bbnone\u00bb row_border_radius_applies=\u00bbbg\u00bb overflow=\u00bbvisible\u00bb overlay_strength=\u00bb0.3&#8243; gradient_direction=\u00bbleft_to_right\u00bb shape_divider_position=\u00bbbottom\u00bb bg_image_animation=\u00bbnone\u00bb][vc_column column_padding=\u00bbno-extra-padding\u00bb column_padding_tablet=\u00bbinherit\u00bb column_padding_phone=\u00bbinherit\u00bb column_padding_position=\u00bball\u00bb column_element_direction_desktop=\u00bbdefault\u00bb column_element_spacing=\u00bbdefault\u00bb desktop_text_alignment=\u00bbdefault\u00bb tablet_text_alignment=\u00bbdefault\u00bb phone_text_alignment=\u00bbdefault\u00bb background_color_opacity=\u00bb1&#8243; background_hover_color_opacity=\u00bb1&#8243; column_backdrop_filter=\u00bbnone\u00bb column_shadow=\u00bbnone\u00bb&#8230;<\/p>\n","protected":false},"author":1,"featured_media":0,"parent":0,"menu_order":0,"comment_status":"closed","ping_status":"open","template":"","meta":{"footnotes":""},"class_list":["post-629","page","type-page","status-publish"],"yoast_head":"<!-- This site is optimized with the Yoast SEO plugin v20.1 - https:\/\/yoast.com\/wordpress\/plugins\/seo\/ -->\n<title>POL\u00cdTICA DE PRIVACIDAD - Consell De L\u2019Audiovisual De La Comunitat Valenciana<\/title>\n<meta name=\"robots\" content=\"index, follow, max-snippet:-1, max-image-preview:large, max-video-preview:-1\" \/>\n<link rel=\"canonical\" href=\"https:\/\/cdacv.es\/es\/politica-de-privacidad\/\" \/>\n<meta property=\"og:locale\" content=\"es_ES\" \/>\n<meta property=\"og:type\" content=\"article\" \/>\n<meta property=\"og:title\" content=\"POL\u00cdTICA DE PRIVACIDAD - Consell De L\u2019Audiovisual De La Comunitat Valenciana\" \/>\n<meta property=\"og:description\" content=\"[vc_row type=\u00bbin_container\u00bb full_screen_row_position=\u00bbmiddle\u00bb column_margin=\u00bbdefault\u00bb column_direction=\u00bbdefault\u00bb column_direction_tablet=\u00bbdefault\u00bb column_direction_phone=\u00bbdefault\u00bb scene_position=\u00bbcenter\u00bb text_color=\u00bbdark\u00bb text_align=\u00bbleft\u00bb row_border_radius=\u00bbnone\u00bb row_border_radius_applies=\u00bbbg\u00bb overflow=\u00bbvisible\u00bb overlay_strength=\u00bb0.3&#8243; gradient_direction=\u00bbleft_to_right\u00bb shape_divider_position=\u00bbbottom\u00bb bg_image_animation=\u00bbnone\u00bb][vc_column column_padding=\u00bbno-extra-padding\u00bb column_padding_tablet=\u00bbinherit\u00bb column_padding_phone=\u00bbinherit\u00bb column_padding_position=\u00bball\u00bb column_element_direction_desktop=\u00bbdefault\u00bb column_element_spacing=\u00bbdefault\u00bb desktop_text_alignment=\u00bbdefault\u00bb tablet_text_alignment=\u00bbdefault\u00bb phone_text_alignment=\u00bbdefault\u00bb background_color_opacity=\u00bb1&#8243; background_hover_color_opacity=\u00bb1&#8243; column_backdrop_filter=\u00bbnone\u00bb column_shadow=\u00bbnone\u00bb...\" \/>\n<meta property=\"og:url\" content=\"https:\/\/cdacv.es\/es\/politica-de-privacidad\/\" \/>\n<meta property=\"og:site_name\" content=\"Consell De L\u2019Audiovisual De La Comunitat Valenciana\" \/>\n<meta property=\"article:modified_time\" content=\"2023-03-01T12:38:58+00:00\" \/>\n<meta name=\"twitter:card\" content=\"summary_large_image\" \/>\n<meta name=\"twitter:label1\" content=\"Tiempo de lectura\" \/>\n\t<meta name=\"twitter:data1\" content=\"9 minutos\" \/>\n<script type=\"application\/ld+json\" class=\"yoast-schema-graph\">{\"@context\":\"https:\/\/schema.org\",\"@graph\":[{\"@type\":\"WebPage\",\"@id\":\"https:\/\/cdacv.es\/es\/politica-de-privacidad\/\",\"url\":\"https:\/\/cdacv.es\/es\/politica-de-privacidad\/\",\"name\":\"POL\u00cdTICA DE PRIVACIDAD - Consell De L\u2019Audiovisual De La Comunitat Valenciana\",\"isPartOf\":{\"@id\":\"https:\/\/cdacv.es\/#website\"},\"datePublished\":\"2023-03-01T12:38:19+00:00\",\"dateModified\":\"2023-03-01T12:38:58+00:00\",\"breadcrumb\":{\"@id\":\"https:\/\/cdacv.es\/es\/politica-de-privacidad\/#breadcrumb\"},\"inLanguage\":\"es\",\"potentialAction\":[{\"@type\":\"ReadAction\",\"target\":[\"https:\/\/cdacv.es\/es\/politica-de-privacidad\/\"]}]},{\"@type\":\"BreadcrumbList\",\"@id\":\"https:\/\/cdacv.es\/es\/politica-de-privacidad\/#breadcrumb\",\"itemListElement\":[{\"@type\":\"ListItem\",\"position\":1,\"name\":\"Home\",\"item\":\"https:\/\/cdacv.es\/es\/\"},{\"@type\":\"ListItem\",\"position\":2,\"name\":\"POL\u00cdTICA DE PRIVACIDAD\"}]},{\"@type\":\"WebSite\",\"@id\":\"https:\/\/cdacv.es\/#website\",\"url\":\"https:\/\/cdacv.es\/\",\"name\":\"Consell De L\u2019Audiovisual De La Comunitat Valenciana\",\"description\":\"\u00c9s l\u2019autoritat audiovisual independent encarregada de vetlar pel respecte dels drets, llibertats i valors constitucionals i estatutaris en l\u2019\u00e0mbit dels mitjans audiovisuals a la Comunitat Valenciana\",\"publisher\":{\"@id\":\"https:\/\/cdacv.es\/#organization\"},\"potentialAction\":[{\"@type\":\"SearchAction\",\"target\":{\"@type\":\"EntryPoint\",\"urlTemplate\":\"https:\/\/cdacv.es\/?s={search_term_string}\"},\"query-input\":\"required name=search_term_string\"}],\"inLanguage\":\"es\"},{\"@type\":\"Organization\",\"@id\":\"https:\/\/cdacv.es\/#organization\",\"name\":\"Consell De L\u2019Audiovisual De La Comunitat Valenciana\",\"url\":\"https:\/\/cdacv.es\/\",\"logo\":{\"@type\":\"ImageObject\",\"inLanguage\":\"es\",\"@id\":\"https:\/\/cdacv.es\/#\/schema\/logo\/image\/\",\"url\":\"https:\/\/cdacv.es\/wp-content\/uploads\/2023\/02\/fav.png\",\"contentUrl\":\"https:\/\/cdacv.es\/wp-content\/uploads\/2023\/02\/fav.png\",\"width\":300,\"height\":300,\"caption\":\"Consell De L\u2019Audiovisual De La Comunitat Valenciana\"},\"image\":{\"@id\":\"https:\/\/cdacv.es\/#\/schema\/logo\/image\/\"}}]}<\/script>\n<!-- \/ Yoast SEO plugin. -->","yoast_head_json":{"title":"POL\u00cdTICA DE PRIVACIDAD - Consell De L\u2019Audiovisual De La Comunitat Valenciana","robots":{"index":"index","follow":"follow","max-snippet":"max-snippet:-1","max-image-preview":"max-image-preview:large","max-video-preview":"max-video-preview:-1"},"canonical":"https:\/\/cdacv.es\/es\/politica-de-privacidad\/","og_locale":"es_ES","og_type":"article","og_title":"POL\u00cdTICA DE PRIVACIDAD - Consell De L\u2019Audiovisual De La Comunitat Valenciana","og_description":"[vc_row type=\u00bbin_container\u00bb full_screen_row_position=\u00bbmiddle\u00bb column_margin=\u00bbdefault\u00bb column_direction=\u00bbdefault\u00bb column_direction_tablet=\u00bbdefault\u00bb column_direction_phone=\u00bbdefault\u00bb scene_position=\u00bbcenter\u00bb text_color=\u00bbdark\u00bb text_align=\u00bbleft\u00bb row_border_radius=\u00bbnone\u00bb row_border_radius_applies=\u00bbbg\u00bb overflow=\u00bbvisible\u00bb overlay_strength=\u00bb0.3&#8243; gradient_direction=\u00bbleft_to_right\u00bb shape_divider_position=\u00bbbottom\u00bb bg_image_animation=\u00bbnone\u00bb][vc_column column_padding=\u00bbno-extra-padding\u00bb column_padding_tablet=\u00bbinherit\u00bb column_padding_phone=\u00bbinherit\u00bb column_padding_position=\u00bball\u00bb column_element_direction_desktop=\u00bbdefault\u00bb column_element_spacing=\u00bbdefault\u00bb desktop_text_alignment=\u00bbdefault\u00bb tablet_text_alignment=\u00bbdefault\u00bb phone_text_alignment=\u00bbdefault\u00bb background_color_opacity=\u00bb1&#8243; background_hover_color_opacity=\u00bb1&#8243; column_backdrop_filter=\u00bbnone\u00bb column_shadow=\u00bbnone\u00bb...","og_url":"https:\/\/cdacv.es\/es\/politica-de-privacidad\/","og_site_name":"Consell De L\u2019Audiovisual De La Comunitat Valenciana","article_modified_time":"2023-03-01T12:38:58+00:00","twitter_card":"summary_large_image","twitter_misc":{"Tiempo de lectura":"9 minutos"},"schema":{"@context":"https:\/\/schema.org","@graph":[{"@type":"WebPage","@id":"https:\/\/cdacv.es\/es\/politica-de-privacidad\/","url":"https:\/\/cdacv.es\/es\/politica-de-privacidad\/","name":"POL\u00cdTICA DE PRIVACIDAD - Consell De L\u2019Audiovisual De La Comunitat Valenciana","isPartOf":{"@id":"https:\/\/cdacv.es\/#website"},"datePublished":"2023-03-01T12:38:19+00:00","dateModified":"2023-03-01T12:38:58+00:00","breadcrumb":{"@id":"https:\/\/cdacv.es\/es\/politica-de-privacidad\/#breadcrumb"},"inLanguage":"es","potentialAction":[{"@type":"ReadAction","target":["https:\/\/cdacv.es\/es\/politica-de-privacidad\/"]}]},{"@type":"BreadcrumbList","@id":"https:\/\/cdacv.es\/es\/politica-de-privacidad\/#breadcrumb","itemListElement":[{"@type":"ListItem","position":1,"name":"Home","item":"https:\/\/cdacv.es\/es\/"},{"@type":"ListItem","position":2,"name":"POL\u00cdTICA DE PRIVACIDAD"}]},{"@type":"WebSite","@id":"https:\/\/cdacv.es\/#website","url":"https:\/\/cdacv.es\/","name":"Consell De L\u2019Audiovisual De La Comunitat Valenciana","description":"\u00c9s l\u2019autoritat audiovisual independent encarregada de vetlar pel respecte dels drets, llibertats i valors constitucionals i estatutaris en l\u2019\u00e0mbit dels mitjans audiovisuals a la Comunitat Valenciana","publisher":{"@id":"https:\/\/cdacv.es\/#organization"},"potentialAction":[{"@type":"SearchAction","target":{"@type":"EntryPoint","urlTemplate":"https:\/\/cdacv.es\/?s={search_term_string}"},"query-input":"required name=search_term_string"}],"inLanguage":"es"},{"@type":"Organization","@id":"https:\/\/cdacv.es\/#organization","name":"Consell De L\u2019Audiovisual De La Comunitat Valenciana","url":"https:\/\/cdacv.es\/","logo":{"@type":"ImageObject","inLanguage":"es","@id":"https:\/\/cdacv.es\/#\/schema\/logo\/image\/","url":"https:\/\/cdacv.es\/wp-content\/uploads\/2023\/02\/fav.png","contentUrl":"https:\/\/cdacv.es\/wp-content\/uploads\/2023\/02\/fav.png","width":300,"height":300,"caption":"Consell De L\u2019Audiovisual De La Comunitat Valenciana"},"image":{"@id":"https:\/\/cdacv.es\/#\/schema\/logo\/image\/"}}]}},"_links":{"self":[{"href":"https:\/\/cdacv.es\/es\/wp-json\/wp\/v2\/pages\/629","targetHints":{"allow":["GET"]}}],"collection":[{"href":"https:\/\/cdacv.es\/es\/wp-json\/wp\/v2\/pages"}],"about":[{"href":"https:\/\/cdacv.es\/es\/wp-json\/wp\/v2\/types\/page"}],"author":[{"embeddable":true,"href":"https:\/\/cdacv.es\/es\/wp-json\/wp\/v2\/users\/1"}],"replies":[{"embeddable":true,"href":"https:\/\/cdacv.es\/es\/wp-json\/wp\/v2\/comments?post=629"}],"version-history":[{"count":2,"href":"https:\/\/cdacv.es\/es\/wp-json\/wp\/v2\/pages\/629\/revisions"}],"predecessor-version":[{"id":631,"href":"https:\/\/cdacv.es\/es\/wp-json\/wp\/v2\/pages\/629\/revisions\/631"}],"wp:attachment":[{"href":"https:\/\/cdacv.es\/es\/wp-json\/wp\/v2\/media?parent=629"}],"curies":[{"name":"wp","href":"https:\/\/api.w.org\/{rel}","templated":true}]}}