{"id":578,"date":"2023-03-01T10:27:19","date_gmt":"2023-03-01T10:27:19","guid":{"rendered":"https:\/\/cdacv.es\/?page_id=578"},"modified":"2023-03-01T10:37:18","modified_gmt":"2023-03-01T10:37:18","slug":"aviso-legal","status":"publish","type":"page","link":"https:\/\/cdacv.es\/es\/aviso-legal\/","title":{"rendered":"Aviso legal"},"content":{"rendered":"[vc_row type=\u00bbin_container\u00bb full_screen_row_position=\u00bbmiddle\u00bb column_margin=\u00bbdefault\u00bb column_direction=\u00bbdefault\u00bb column_direction_tablet=\u00bbdefault\u00bb column_direction_phone=\u00bbdefault\u00bb scene_position=\u00bbcenter\u00bb text_color=\u00bbdark\u00bb text_align=\u00bbleft\u00bb row_border_radius=\u00bbnone\u00bb row_border_radius_applies=\u00bbbg\u00bb overflow=\u00bbvisible\u00bb overlay_strength=\u00bb0.3&#8243; gradient_direction=\u00bbleft_to_right\u00bb shape_divider_position=\u00bbbottom\u00bb bg_image_animation=\u00bbnone\u00bb][vc_column column_padding=\u00bbno-extra-padding\u00bb column_padding_tablet=\u00bbinherit\u00bb column_padding_phone=\u00bbinherit\u00bb column_padding_position=\u00bball\u00bb column_element_direction_desktop=\u00bbdefault\u00bb column_element_spacing=\u00bbdefault\u00bb desktop_text_alignment=\u00bbdefault\u00bb tablet_text_alignment=\u00bbdefault\u00bb phone_text_alignment=\u00bbdefault\u00bb background_color_opacity=\u00bb1&#8243; background_hover_color_opacity=\u00bb1&#8243; column_backdrop_filter=\u00bbnone\u00bb column_shadow=\u00bbnone\u00bb column_border_radius=\u00bbnone\u00bb column_link_target=\u00bb_self\u00bb column_position=\u00bbdefault\u00bb gradient_direction=\u00bbleft_to_right\u00bb overlay_strength=\u00bb0.3&#8243; width=\u00bb1\/1&#8243; tablet_width_inherit=\u00bbdefault\u00bb animation_type=\u00bbdefault\u00bb bg_image_animation=\u00bbnone\u00bb border_type=\u00bbsimple\u00bb column_border_width=\u00bbnone\u00bb column_border_style=\u00bbsolid\u00bb][vc_column_text]\n<h1><strong>AVISO LEGAL<\/strong><\/h1>\n<p>Este aviso legal regula el uso del sitio web cdacv.es (de ahora en adelante, el sitio web) del Consejo del Audiovisual de la Comunidad Valenciana, con CIF Q1200471, con domicilio en la calle Mayor, n.\u00ba 78, de Castell\u00f3 de la Plana, 12001 Castell\u00f3, correo electr\u00f3nico cdacv@cdacv.es.<\/p>\n<p><strong>LEGISLACI\u00d3N<\/strong><br \/>\nA todos los efectos, las relaciones entre el Consejo del Audiovisual de la Comunidad Valenciana con los usuarios de sus servicios telem\u00e1ticos, presentes en este sitio web, se encuentran sometidas a la legislaci\u00f3n y jurisdicci\u00f3n espa\u00f1ola. En concreto, en la Ley Org\u00e1nica 34\/2002, de 11 de julio, de servicios de la sociedad de la informaci\u00f3n y de comercio electr\u00f3nico, al Reglamento general de protecci\u00f3n de datos de la Uni\u00f3n Europea 2016\/679, de 27 de abril de 2016, relativo a la protecci\u00f3n de las personas f\u00edsicas en cuanto al tratamiento de datos personales y a la libre circulaci\u00f3n de estos datos, y en la Ley Org\u00e1nica 3\/2018, de 5 de diciembre, de protecci\u00f3n de datos de car\u00e1cter personal y garant\u00eda de los derechos digitales. La Ley 39\/2015, de 1 de octubre, de procedimiento administrativo com\u00fan de las administraciones p\u00fablicas, la Ley 19\/2013, de transparencia, acceso a la informaci\u00f3n p\u00fablica y buen gobierno, y la Ley 2\/2015, de 2 de abril, de la Generalitat, de transparencia, buen gobierno y participaci\u00f3n ciudadana de la Comunidad Valenciana, en concordancia con el Estatuto de Autonom\u00eda y la Ley 10\/2018, de 18 de mayo, de la Generalitat, de creaci\u00f3n del Consell del Audiovisual de la Comunidad Valenciana (*CACV).<\/p>\n<p><strong>USO Y ACCESO DE USUARIOS<\/strong><br \/>\nEl usuario queda informado, y acepta, que el acceso a la presente web no supone, de ninguna forma, el inicio de una relaci\u00f3n comercial con el Consejo del Audiovisual de la Comunidad Valenciana.<\/p>\n<p><strong>PROPIEDAD INTELECTUAL E INDUSTRIAL<\/strong><br \/>\nLos derechos de propiedad intelectual del contenido de las p\u00e1ginas web, su dise\u00f1o gr\u00e1fico y los c\u00f3digos son titularidad del Consejo del Audiovisual de la Comunidad Valenciana y, protegidos por propiedad intelectual y derechos de autor, por lo tanto, queda prohibida la reproducci\u00f3n, distribuci\u00f3n, comunicaci\u00f3n p\u00fablica, transformaci\u00f3n o cualquier otra actividad que se pueda realizar con los contenidos de sus p\u00e1ginas web ni incluso citando las fuentes, salvo de cuando disponen del consentimiento por escrito del Consejo del Audiovisual de la Comunidad Valenciana.<\/p>\n<p><strong>RESERVA DE DERECHOS<\/strong><br \/>\nEl Consejo del Audiovisual de la Comunidad Valenciana podr\u00e1, cuando lo considero conveniente, hacer correcciones, mejoras o modificaciones en la estructura y el dise\u00f1o web, as\u00ed como en cualquier informaci\u00f3n contenida en la p\u00e1gina, modificar o eliminar productos, las condiciones de acceso o incluso de uso de la web de manera unilateral y sin aviso previo, sin que esto doy lugar ni derecho a ninguna reclamaci\u00f3n o indemnizaci\u00f3n, ni implico el reconocimiento de ninguna responsabilidad.<br \/>\nEl Consejo del Audiovisual de la Comunidad Valenciana se reserva el derecho a interrumpir, suspender o acabar la prestaci\u00f3n del servicio del sitio web o de cualquier de los servicios que lo integran.<\/p>\n<p><strong>EXCLUSI\u00d3N DE GARANT\u00cdAS Y RESPONSABILIDAD<\/strong><br \/>\nEl Consejo del Audiovisual de la Comunidad Valenciana no otorga jefa garantizaba ni se hace responsable por los da\u00f1os y perjuicios de cualquier naturaleza que se puedan derivar de \/de:<\/p>\n<p>&#8211; La carencia de disponibilidad y continuidad t\u00e9cnica o del funcionamiento de la p\u00e1gina.<br \/>\n&#8211; La existencia de virus, programas maliciosos o lesivos en los contenidos.<br \/>\n&#8211; La falta de utilidad, adecuaci\u00f3n o validez de la web, los servicios o los contenidos a fin de responder a las necesidades, actividades o expectativas de los usuarios.<br \/>\n&#8211; El uso negligente o il\u00edcito de la web, en general que no respeto las normas definidas en este aviso legal, la buena fe y el orden p\u00fablico.<br \/>\n&#8211; Errores<br \/>\nEsta web se centra en la difusi\u00f3n, la promoci\u00f3n y el asesoramiento de los servicios propios. El Consejo del Audiovisual de la Comunidad Valenciana se compromete a respetar la veracidad de los datos.<br \/>\nEn cuanto a la existencia de errores o imprecisiones en el sitio web, \u00a0por el hecho que los contenidos han sido redactados de acuerdo con la buena fe, ser\u00e1n enmendados por el Consejo del Audiovisual de la Comunidad Valenciana tan pronto como sea posible y solo tenga conocimiento.<\/p>\n<p><strong>COMUNICACIONES COMERCIALES Y PROMOCIONALES<\/strong><br \/>\nUna de las finalidades por las cuales el Consejo del Audiovisual de la Comunidad Valenciana trata los datos personales proporcionados por los usuarios es para remitirlos comunicaciones por correo electr\u00f3nico, whatsapp o SMS con informaci\u00f3n relativa a productos, servicios, promociones y ofertas, seg\u00fan los casos, de acuerdo con el inter\u00e9s leg\u00edtimo o el consentimiento.<br \/>\nEn caso de que el usuario quiera dejar de recibir este tipo de comunicaciones por parte del Consejo del Audiovisual de la Comunidad Valenciana o revocar el consentimiento otorgado, puede enviar la solicitud mediante un correo electr\u00f3nico a cdacv@cdacv.es con el asunto BAJA, al cual tiene que adjuntar una copia de documento v\u00e1lido de identidad.<\/p>\n<p><strong>REDES SOCIALES<\/strong><br \/>\nLa presente web utilizar\u00e1 redes sociales y comunidades virtuales como medios de comunicaci\u00f3n y promoci\u00f3n de los servicios del Consejo del Audiovisual de la Comunidad Valenciana. Las redes sociales y comunidades virtuales de las cuales se podr\u00e1 hacer uso son las siguientes: Facebook, Instagram, Twitter y YouTube, sin perjuicio que pueda utilizar otros en un futuro. Los objetivos espec\u00edficos a trav\u00e9s de los cuales se usan estos medios son el apoyo medi\u00e1tico y la difusi\u00f3n de los servicios del Consejo del Audiovisual de la Comunidad Valenciana.<br \/>\nEn cuanto a la informaci\u00f3n de los contenidos de las redes sociales, el Consejo del Audiovisual de la Comunidad Valenciana no se hace responsable en ning\u00fan caso de la veracidad, exactitud, adecuaci\u00f3n, idoneidad y actualizaci\u00f3n de la informaci\u00f3n suministrada a trav\u00e9s de estas.<br \/>\nLos contenidos establecidos en las redes sociales son exclusivamente informativos, por lo cual no se responsabiliza de las decisiones tomadas por el usuario a partir de estas, ni de los da\u00f1os y perjuicios producidos al usuario o a terceros en base a esta informaci\u00f3n.<br \/>\nEl Consejo del Audiovisual de la Comunidad Valenciana procurar\u00e1 fomentar la calidad de las informaciones a trav\u00e9s de la enmienda de errores en datos recibidos, as\u00ed como en la administraci\u00f3n de los lugares, y posibilitar\u00e1 que terceros usuarios puedan reportar denuncias sobre comentarios ofensivos e improcedentes que no tengan que ver con los temas tratados, las fotos publicadas o los videos igualmente no relacionados con los temas a que se destinan las anteriores redes sociales y comunidades.<\/p>\n<p>En estos casos, el Consejo del Audiovisual de la Comunidad Valenciana, como administrador de las redes, tendr\u00e1 la potestad de borrar toda informaci\u00f3n que no se ajuste a la calidad, el objeto y el buen servicio informativo y l\u00fadico de las redes sociales. No obstante, a pesar de la intenci\u00f3n de procurar la m\u00e1xima calidad de contenidos, no se har\u00e1 responsable de las informaciones referidas.<br \/>\nSe informa que el acceso en las redes sociales y comunidades de las cuales la web hace uso para los objetivos anteriormente descritos requiere un servicio\/suministro por parte otros prestamistas de servicios de la sociedad de la informaci\u00f3n. El Consejo del Audiovisual de la Comunidad Valenciana no puede en ning\u00fan momento responsabilizarse de la fiabilidad, la calidad, la continuidad y el funcionamiento de estas, y, por lo tanto, no puede impedir el suspenso, la cancelaci\u00f3n o la inaccesibilidad por causas ajenas al Consejo del Audiovisual de la Comunidad Valenciana.<br \/>\nEl Consejo del Audiovisual de la Comunidad Valenciana no se responsabilizar\u00e1 de los da\u00f1os o perjuicios que sufre el usuario por motivos que provengan de fallos o desconexiones en las redes sociales, y que puedan producir p\u00e9rdidas de informaci\u00f3n, suspensiones, cancelaciones o interrupciones del servicio durante la prestaci\u00f3n de este o con car\u00e1cter previo.<br \/>\nLas redes sociales y las comunidades pueden permitir acceder en enlaces y otras p\u00e1ginas web. Atendiendo la Ley 34\/2002, de 11 de julio, de servicios de la sociedad de la informaci\u00f3n y de comercio electr\u00f3nico, el Consejo del Audiovisual de la Comunidad Valenciana act\u00faa como prestamista de servicios de intermediaci\u00f3n, por lo cual solo ser\u00e1 responsable de los contenidos y servicios suministrados en los lugares enlazados, en la medida que tenga conocimiento efectivo de su ilicitud y no haya actuado con la diligencia debida para retirarlos. Si la persona usuaria considera que alguno de los lugares enlazados incluye contenidos il\u00edcitos o inadecuados, lo podr\u00e1 comunicar al Consejo del Audiovisual de la Comunidad Valenciana intermediando el correo electr\u00f3nico establecido a primeros del presente aviso legal, que proceder\u00e1 diligentemente a retirar estos enlaces. El Consejo del Audiovisual de la Comunidad Valenciana en ning\u00fan caso se hace responsable de los contenidos y servicios ofrecidos en los lugares enlazados, por lo cual no responde por los da\u00f1os producidos por su ilicitud, calidad, *desactualitzaci\u00f3, indisponibilidad, error o inutilidad.<\/p>\n<p><strong>TUTELA DE DERECHOS Y DERECHO DE RECLAMACI\u00d3N ANTE La AGENCIA ESPA\u00d1OLA DE PROTECCI\u00d3N DE DATOS<\/strong><br \/>\nEn cualquier caso, la persona usuaria queda informada del derecho que lo asiste a presentar una reclamaci\u00f3n ante la Agencia Espa\u00f1ola de Protecci\u00f3n de Datos (AEPD), en particular, cuando la persona usuaria considero que no ha obtenido satisfacci\u00f3n por parte del Consejo del Audiovisual de la Comunidad Valenciana en el ejercicio de sus derechos.<br \/>\nLa persona usuaria se puede poner en contacto con la AEPD a trav\u00e9s de http:\/\/www.aepd.es o en la direcci\u00f3n siguiente: c\/ Jorge Juan, 6. 28001 \u2013 Madrid, y\/o tel\u00e9fono de contacto: 912 663 517.<br \/>\nSin embargo, con car\u00e1cter voluntario y previo a la presentaci\u00f3n de esta reclamaci\u00f3n a la AEPD, la persona usuaria puede dirigirse y contactar con el delegado de Protecci\u00f3n de Datos de la Generalitat a trav\u00e9s de los medios de contacto siguientes:<br \/>\nDirecci\u00f3n postal: paseo de la Alameda, 16, 46010 Val\u00e8ncia<br \/>\nDirecci\u00f3n electr\u00f3nica de contacto: cdacv@cdacv.es.[\/vc_column_text][\/vc_column][\/vc_row]\n","protected":false},"excerpt":{"rendered":"<p>[vc_row type=\u00bbin_container\u00bb full_screen_row_position=\u00bbmiddle\u00bb column_margin=\u00bbdefault\u00bb column_direction=\u00bbdefault\u00bb column_direction_tablet=\u00bbdefault\u00bb column_direction_phone=\u00bbdefault\u00bb scene_position=\u00bbcenter\u00bb text_color=\u00bbdark\u00bb text_align=\u00bbleft\u00bb row_border_radius=\u00bbnone\u00bb row_border_radius_applies=\u00bbbg\u00bb overflow=\u00bbvisible\u00bb overlay_strength=\u00bb0.3&#8243; gradient_direction=\u00bbleft_to_right\u00bb shape_divider_position=\u00bbbottom\u00bb bg_image_animation=\u00bbnone\u00bb][vc_column column_padding=\u00bbno-extra-padding\u00bb column_padding_tablet=\u00bbinherit\u00bb column_padding_phone=\u00bbinherit\u00bb column_padding_position=\u00bball\u00bb column_element_direction_desktop=\u00bbdefault\u00bb column_element_spacing=\u00bbdefault\u00bb desktop_text_alignment=\u00bbdefault\u00bb tablet_text_alignment=\u00bbdefault\u00bb phone_text_alignment=\u00bbdefault\u00bb background_color_opacity=\u00bb1&#8243; background_hover_color_opacity=\u00bb1&#8243; column_backdrop_filter=\u00bbnone\u00bb column_shadow=\u00bbnone\u00bb&#8230;<\/p>\n","protected":false},"author":1,"featured_media":0,"parent":0,"menu_order":0,"comment_status":"closed","ping_status":"closed","template":"","meta":{"footnotes":""},"class_list":["post-578","page","type-page","status-publish"],"yoast_head":"<!-- This site is optimized with the Yoast SEO plugin v20.1 - https:\/\/yoast.com\/wordpress\/plugins\/seo\/ -->\n<title>Aviso legal - Consell De L\u2019Audiovisual De La Comunitat Valenciana<\/title>\n<meta name=\"robots\" content=\"index, follow, max-snippet:-1, max-image-preview:large, max-video-preview:-1\" \/>\n<link rel=\"canonical\" href=\"https:\/\/cdacv.es\/es\/aviso-legal\/?lang=es\" \/>\n<meta property=\"og:locale\" content=\"es_ES\" \/>\n<meta property=\"og:type\" content=\"article\" \/>\n<meta property=\"og:title\" content=\"Aviso legal - Consell De L\u2019Audiovisual De La Comunitat Valenciana\" \/>\n<meta property=\"og:description\" content=\"[vc_row type=\u00bbin_container\u00bb full_screen_row_position=\u00bbmiddle\u00bb column_margin=\u00bbdefault\u00bb column_direction=\u00bbdefault\u00bb column_direction_tablet=\u00bbdefault\u00bb column_direction_phone=\u00bbdefault\u00bb scene_position=\u00bbcenter\u00bb text_color=\u00bbdark\u00bb text_align=\u00bbleft\u00bb row_border_radius=\u00bbnone\u00bb row_border_radius_applies=\u00bbbg\u00bb overflow=\u00bbvisible\u00bb overlay_strength=\u00bb0.3&#8243; gradient_direction=\u00bbleft_to_right\u00bb shape_divider_position=\u00bbbottom\u00bb bg_image_animation=\u00bbnone\u00bb][vc_column column_padding=\u00bbno-extra-padding\u00bb column_padding_tablet=\u00bbinherit\u00bb column_padding_phone=\u00bbinherit\u00bb column_padding_position=\u00bball\u00bb column_element_direction_desktop=\u00bbdefault\u00bb column_element_spacing=\u00bbdefault\u00bb desktop_text_alignment=\u00bbdefault\u00bb tablet_text_alignment=\u00bbdefault\u00bb phone_text_alignment=\u00bbdefault\u00bb background_color_opacity=\u00bb1&#8243; background_hover_color_opacity=\u00bb1&#8243; column_backdrop_filter=\u00bbnone\u00bb column_shadow=\u00bbnone\u00bb...\" \/>\n<meta property=\"og:url\" content=\"https:\/\/cdacv.es\/aviso-legal\/?lang=es\" \/>\n<meta property=\"og:site_name\" content=\"Consell De L\u2019Audiovisual De La Comunitat Valenciana\" \/>\n<meta property=\"article:modified_time\" content=\"2023-03-01T10:37:18+00:00\" \/>\n<meta name=\"twitter:card\" content=\"summary_large_image\" \/>\n<meta name=\"twitter:label1\" content=\"Tiempo de lectura\" \/>\n\t<meta name=\"twitter:data1\" content=\"8 minutos\" \/>\n<script type=\"application\/ld+json\" class=\"yoast-schema-graph\">{\"@context\":\"https:\/\/schema.org\",\"@graph\":[{\"@type\":\"WebPage\",\"@id\":\"https:\/\/cdacv.es\/aviso-legal\/?lang=es\",\"url\":\"https:\/\/cdacv.es\/aviso-legal\/?lang=es\",\"name\":\"Aviso legal - Consell De L\u2019Audiovisual De La Comunitat Valenciana\",\"isPartOf\":{\"@id\":\"https:\/\/cdacv.es\/#website\"},\"datePublished\":\"2023-03-01T10:27:19+00:00\",\"dateModified\":\"2023-03-01T10:37:18+00:00\",\"breadcrumb\":{\"@id\":\"https:\/\/cdacv.es\/aviso-legal\/?lang=es#breadcrumb\"},\"inLanguage\":\"es\",\"potentialAction\":[{\"@type\":\"ReadAction\",\"target\":[\"https:\/\/cdacv.es\/aviso-legal\/?lang=es\"]}]},{\"@type\":\"BreadcrumbList\",\"@id\":\"https:\/\/cdacv.es\/aviso-legal\/?lang=es#breadcrumb\",\"itemListElement\":[{\"@type\":\"ListItem\",\"position\":1,\"name\":\"Home\",\"item\":\"https:\/\/cdacv.es\/es\/\"},{\"@type\":\"ListItem\",\"position\":2,\"name\":\"Aviso legal\"}]},{\"@type\":\"WebSite\",\"@id\":\"https:\/\/cdacv.es\/#website\",\"url\":\"https:\/\/cdacv.es\/\",\"name\":\"Consell De L\u2019Audiovisual De La Comunitat Valenciana\",\"description\":\"\u00c9s l\u2019autoritat audiovisual independent encarregada de vetlar pel respecte dels drets, llibertats i valors constitucionals i estatutaris en l\u2019\u00e0mbit dels mitjans audiovisuals a la Comunitat Valenciana\",\"publisher\":{\"@id\":\"https:\/\/cdacv.es\/#organization\"},\"potentialAction\":[{\"@type\":\"SearchAction\",\"target\":{\"@type\":\"EntryPoint\",\"urlTemplate\":\"https:\/\/cdacv.es\/?s={search_term_string}\"},\"query-input\":\"required name=search_term_string\"}],\"inLanguage\":\"es\"},{\"@type\":\"Organization\",\"@id\":\"https:\/\/cdacv.es\/#organization\",\"name\":\"Consell De L\u2019Audiovisual De La Comunitat Valenciana\",\"url\":\"https:\/\/cdacv.es\/\",\"logo\":{\"@type\":\"ImageObject\",\"inLanguage\":\"es\",\"@id\":\"https:\/\/cdacv.es\/#\/schema\/logo\/image\/\",\"url\":\"https:\/\/cdacv.es\/wp-content\/uploads\/2023\/02\/fav.png\",\"contentUrl\":\"https:\/\/cdacv.es\/wp-content\/uploads\/2023\/02\/fav.png\",\"width\":300,\"height\":300,\"caption\":\"Consell De L\u2019Audiovisual De La Comunitat Valenciana\"},\"image\":{\"@id\":\"https:\/\/cdacv.es\/#\/schema\/logo\/image\/\"}}]}<\/script>\n<!-- \/ Yoast SEO plugin. -->","yoast_head_json":{"title":"Aviso legal - Consell De L\u2019Audiovisual De La Comunitat Valenciana","robots":{"index":"index","follow":"follow","max-snippet":"max-snippet:-1","max-image-preview":"max-image-preview:large","max-video-preview":"max-video-preview:-1"},"canonical":"https:\/\/cdacv.es\/es\/aviso-legal\/?lang=es","og_locale":"es_ES","og_type":"article","og_title":"Aviso legal - Consell De L\u2019Audiovisual De La Comunitat Valenciana","og_description":"[vc_row type=\u00bbin_container\u00bb full_screen_row_position=\u00bbmiddle\u00bb column_margin=\u00bbdefault\u00bb column_direction=\u00bbdefault\u00bb column_direction_tablet=\u00bbdefault\u00bb column_direction_phone=\u00bbdefault\u00bb scene_position=\u00bbcenter\u00bb text_color=\u00bbdark\u00bb text_align=\u00bbleft\u00bb row_border_radius=\u00bbnone\u00bb row_border_radius_applies=\u00bbbg\u00bb overflow=\u00bbvisible\u00bb overlay_strength=\u00bb0.3&#8243; gradient_direction=\u00bbleft_to_right\u00bb shape_divider_position=\u00bbbottom\u00bb bg_image_animation=\u00bbnone\u00bb][vc_column column_padding=\u00bbno-extra-padding\u00bb column_padding_tablet=\u00bbinherit\u00bb column_padding_phone=\u00bbinherit\u00bb column_padding_position=\u00bball\u00bb column_element_direction_desktop=\u00bbdefault\u00bb column_element_spacing=\u00bbdefault\u00bb desktop_text_alignment=\u00bbdefault\u00bb tablet_text_alignment=\u00bbdefault\u00bb phone_text_alignment=\u00bbdefault\u00bb background_color_opacity=\u00bb1&#8243; background_hover_color_opacity=\u00bb1&#8243; column_backdrop_filter=\u00bbnone\u00bb column_shadow=\u00bbnone\u00bb...","og_url":"https:\/\/cdacv.es\/aviso-legal\/?lang=es","og_site_name":"Consell De L\u2019Audiovisual De La Comunitat Valenciana","article_modified_time":"2023-03-01T10:37:18+00:00","twitter_card":"summary_large_image","twitter_misc":{"Tiempo de lectura":"8 minutos"},"schema":{"@context":"https:\/\/schema.org","@graph":[{"@type":"WebPage","@id":"https:\/\/cdacv.es\/aviso-legal\/?lang=es","url":"https:\/\/cdacv.es\/aviso-legal\/?lang=es","name":"Aviso legal - Consell De L\u2019Audiovisual De La Comunitat Valenciana","isPartOf":{"@id":"https:\/\/cdacv.es\/#website"},"datePublished":"2023-03-01T10:27:19+00:00","dateModified":"2023-03-01T10:37:18+00:00","breadcrumb":{"@id":"https:\/\/cdacv.es\/aviso-legal\/?lang=es#breadcrumb"},"inLanguage":"es","potentialAction":[{"@type":"ReadAction","target":["https:\/\/cdacv.es\/aviso-legal\/?lang=es"]}]},{"@type":"BreadcrumbList","@id":"https:\/\/cdacv.es\/aviso-legal\/?lang=es#breadcrumb","itemListElement":[{"@type":"ListItem","position":1,"name":"Home","item":"https:\/\/cdacv.es\/es\/"},{"@type":"ListItem","position":2,"name":"Aviso legal"}]},{"@type":"WebSite","@id":"https:\/\/cdacv.es\/#website","url":"https:\/\/cdacv.es\/","name":"Consell De L\u2019Audiovisual De La Comunitat Valenciana","description":"\u00c9s l\u2019autoritat audiovisual independent encarregada de vetlar pel respecte dels drets, llibertats i valors constitucionals i estatutaris en l\u2019\u00e0mbit dels mitjans audiovisuals a la Comunitat Valenciana","publisher":{"@id":"https:\/\/cdacv.es\/#organization"},"potentialAction":[{"@type":"SearchAction","target":{"@type":"EntryPoint","urlTemplate":"https:\/\/cdacv.es\/?s={search_term_string}"},"query-input":"required name=search_term_string"}],"inLanguage":"es"},{"@type":"Organization","@id":"https:\/\/cdacv.es\/#organization","name":"Consell De L\u2019Audiovisual De La Comunitat Valenciana","url":"https:\/\/cdacv.es\/","logo":{"@type":"ImageObject","inLanguage":"es","@id":"https:\/\/cdacv.es\/#\/schema\/logo\/image\/","url":"https:\/\/cdacv.es\/wp-content\/uploads\/2023\/02\/fav.png","contentUrl":"https:\/\/cdacv.es\/wp-content\/uploads\/2023\/02\/fav.png","width":300,"height":300,"caption":"Consell De L\u2019Audiovisual De La Comunitat Valenciana"},"image":{"@id":"https:\/\/cdacv.es\/#\/schema\/logo\/image\/"}}]}},"_links":{"self":[{"href":"https:\/\/cdacv.es\/es\/wp-json\/wp\/v2\/pages\/578","targetHints":{"allow":["GET"]}}],"collection":[{"href":"https:\/\/cdacv.es\/es\/wp-json\/wp\/v2\/pages"}],"about":[{"href":"https:\/\/cdacv.es\/es\/wp-json\/wp\/v2\/types\/page"}],"author":[{"embeddable":true,"href":"https:\/\/cdacv.es\/es\/wp-json\/wp\/v2\/users\/1"}],"replies":[{"embeddable":true,"href":"https:\/\/cdacv.es\/es\/wp-json\/wp\/v2\/comments?post=578"}],"version-history":[{"count":2,"href":"https:\/\/cdacv.es\/es\/wp-json\/wp\/v2\/pages\/578\/revisions"}],"predecessor-version":[{"id":580,"href":"https:\/\/cdacv.es\/es\/wp-json\/wp\/v2\/pages\/578\/revisions\/580"}],"wp:attachment":[{"href":"https:\/\/cdacv.es\/es\/wp-json\/wp\/v2\/media?parent=578"}],"curies":[{"name":"wp","href":"https:\/\/api.w.org\/{rel}","templated":true}]}}